{"id":836,"date":"2017-05-12T14:06:08","date_gmt":"2017-05-12T12:06:08","guid":{"rendered":"https:\/\/modus-operandi.eu\/contatti\/"},"modified":"2023-03-07T17:11:42","modified_gmt":"2023-03-07T16:11:42","slug":"kontakt","status":"publish","type":"page","link":"https:\/\/modus-operandi.eu\/de\/kontakt\/","title":{"rendered":"Kontakt"},"content":{"rendered":"<p>[et_pb_section fb_built=&#8220;1&#8243; admin_label=&#8220;section&#8220; _builder_version=&#8220;4.16&#8243; global_colors_info=&#8220;{}&#8220;][et_pb_row admin_label=&#8220;row&#8220; _builder_version=&#8220;4.16&#8243; background_size=&#8220;initial&#8220; background_position=&#8220;top_left&#8220; background_repeat=&#8220;repeat&#8220; global_colors_info=&#8220;{}&#8220;][et_pb_column type=&#8220;4_4&#8243; _builder_version=&#8220;4.16&#8243; custom_padding=&#8220;|||&#8220; global_colors_info=&#8220;{}&#8220; custom_padding__hover=&#8220;|||&#8220;][et_pb_post_title meta=&#8220;off&#8220; featured_image=&#8220;off&#8220; _builder_version=&#8220;4.16&#8243; parallax_effect=&#8220;off&#8220; use_border_color=&#8220;off&#8220; border_color=&#8220;#ffffff&#8220; border_style=&#8220;solid&#8220; global_colors_info=&#8220;{}&#8220;][\/et_pb_post_title][\/et_pb_column][\/et_pb_row][et_pb_row column_structure=&#8220;2_3,1_3&#8243; _builder_version=&#8220;4.16&#8243; background_size=&#8220;initial&#8220; background_position=&#8220;top_left&#8220; background_repeat=&#8220;repeat&#8220; custom_margin=&#8220;0px|||&#8220; custom_padding=&#8220;0px|||&#8220; make_fullwidth=&#8220;off&#8220; use_custom_width=&#8220;off&#8220; width_unit=&#8220;on&#8220; global_colors_info=&#8220;{}&#8220;][et_pb_column type=&#8220;2_3&#8243; _builder_version=&#8220;4.16&#8243; custom_padding=&#8220;|||&#8220; global_colors_info=&#8220;{}&#8220; custom_padding__hover=&#8220;|||&#8220;][et_pb_text admin_label=&#8220;Testo Ogni cliente&#8220; _builder_version=&#8220;4.16&#8243; text_font=&#8220;||on||&#8220; text_text_color=&#8220;#2070bd&#8220; text_font_size=&#8220;24&#8243; background_size=&#8220;initial&#8220; background_position=&#8220;top_left&#8220; background_repeat=&#8220;repeat&#8220; border_style=&#8220;solid&#8220; saved_tabs=&#8220;all&#8220; global_colors_info=&#8220;{}&#8220;]Jeder Kunde ist f\u00fcr uns ein einzigartiger Kunde.<br \/>Kontaktieren Sie uns, Sie finden Geh\u00f6r, und wir werden ein auf Ihr Unternehmen zugeschnittenes Projekt aufzubauen wissen.<br \/>\n[\/et_pb_text][et_pb_text _builder_version=&#8220;4.16&#8243; border_style=&#8220;solid&#8220; global_colors_info=&#8220;{}&#8220;]Die gesammelten Daten werden gem\u00e4\u00df Artikel behandelt werden, 13 L.196 \/ 03 und EU General Data Protection Regulation (GDPR) (<a href=\"\/de\/privacy\/\">Datenschutz<\/a>)[\/et_pb_text][et_pb_contact_form use_spam_service=&#8220;on&#8220; recaptcha_list=&#8220;modus-operandieu|modus-operandieu-0&#8243; email=&#8220;info@modus-operandi.eu&#8220; title=&#8220;F\u00fcr Informationen oder Angebote&#8220; success_message=&#8220;Vielen Dank f\u00fcr uns zu schreiben, werden wir so bald wie m\u00f6glich antworten.&#8220; _builder_version=&#8220;4.16&#8243; _unique_id=&#8220;0ca0e233-4fa8-4d57-8d7a-0a70a35da6a8&#8243; border_radii=&#8220;on|0px|0px|0px|0px&#8220; global_colors_info=&#8220;{}&#8220;][et_pb_contact_field field_id=&#8220;Name&#8220; field_title=&#8220;Name&#8220; min_length=&#8220;4&#8243; _builder_version=&#8220;4.16&#8243; form_field_font=&#8220;||||&#8220; use_border_color=&#8220;off&#8220; border_style=&#8220;solid&#8220; global_colors_info=&#8220;{}&#8220;][\/et_pb_contact_field][et_pb_contact_field field_id=&#8220;Cognome&#8220; field_title=&#8220;Nachname&#8220; min_length=&#8220;2&#8243; _builder_version=&#8220;4.16&#8243; form_field_font=&#8220;||||&#8220; use_border_color=&#8220;off&#8220; border_style=&#8220;solid&#8220; global_colors_info=&#8220;{}&#8220;][\/et_pb_contact_field][et_pb_contact_field field_id=&#8220;Azienda&#8220; field_title=&#8220;Unternehmen&#8220; min_length=&#8220;2&#8243; _builder_version=&#8220;4.16&#8243; form_field_font=&#8220;||||&#8220; use_border_color=&#8220;off&#8220; border_style=&#8220;solid&#8220; global_colors_info=&#8220;{}&#8220;][\/et_pb_contact_field][et_pb_contact_field field_id=&#8220;Telefono&#8220; field_title=&#8220;Telefon&#8220; min_length=&#8220;5&#8243; _builder_version=&#8220;4.16&#8243; form_field_font=&#8220;||||&#8220; use_border_color=&#8220;off&#8220; border_style=&#8220;solid&#8220; global_colors_info=&#8220;{}&#8220;][\/et_pb_contact_field][et_pb_contact_field field_id=&#8220;Email&#8220; field_title=&#8220;E-Mail-Adresse&#8220; field_type=&#8220;email&#8220; fullwidth_field=&#8220;on&#8220; _builder_version=&#8220;4.16&#8243; form_field_font=&#8220;||||&#8220; use_border_color=&#8220;off&#8220; border_style=&#8220;solid&#8220; global_colors_info=&#8220;{}&#8220;][\/et_pb_contact_field][et_pb_contact_field field_id=&#8220;Message&#8220; field_title=&#8220;Nachricht&#8220; field_type=&#8220;text&#8220; fullwidth_field=&#8220;on&#8220; _builder_version=&#8220;4.16&#8243; form_field_font=&#8220;||||&#8220; use_border_color=&#8220;off&#8220; border_style=&#8220;solid&#8220; global_colors_info=&#8220;{}&#8220;][\/et_pb_contact_field][et_pb_contact_field field_id=&#8220;Privacy&#8220; field_title=&#8220;Zustimmung zur Datenverarbeitung&#8220; field_type=&#8220;radio&#8220; radio_options=&#8220;%91{%22value%22:%22Ja, ich stimme der Verarbeitung meiner personenbezogenen Daten entsprechend den geltenden Rechtsvorschriften zu%22,%22checked%22:0}%93&#8243; fullwidth_field=&#8220;on&#8220; _builder_version=&#8220;4.16&#8243; form_field_text_color=&#8220;#666666&#8243; global_colors_info=&#8220;{}&#8220;][\/et_pb_contact_field][\/et_pb_contact_form][\/et_pb_column][et_pb_column type=&#8220;1_3&#8243; _builder_version=&#8220;4.16&#8243; custom_padding=&#8220;|||&#8220; global_colors_info=&#8220;{}&#8220; custom_padding__hover=&#8220;|||&#8220;][et_pb_blurb title=&#8220;info@modus-operandi.eu&#8220; url=&#8220;mailto:%20info@modus-operandi.eu&#8220; use_icon=&#8220;on&#8220; font_icon=&#8220;&#xe076;||divi||400&#8243; icon_color=&#8220;#2070bd&#8220; icon_placement=&#8220;left&#8220; admin_label=&#8220;Blurb email&#8220; _builder_version=&#8220;4.16&#8243; background_size=&#8220;initial&#8220; background_position=&#8220;top_left&#8220; background_repeat=&#8220;repeat&#8220; animation=&#8220;off&#8220; use_border_color=&#8220;off&#8220; border_color=&#8220;#ffffff&#8220; border_style=&#8220;solid&#8220; global_colors_info=&#8220;{}&#8220;][\/et_pb_blurb][et_pb_text _builder_version=&#8220;4.20.1&#8243; background_size=&#8220;initial&#8220; background_position=&#8220;top_left&#8220; background_repeat=&#8220;repeat&#8220; text_orientation=&#8220;justified&#8220; hover_enabled=&#8220;0&#8243; border_style=&#8220;solid&#8220; global_colors_info=&#8220;{}&#8220; sticky_enabled=&#8220;0&#8243;]<em>Unser Sitz verf\u00fcgt \u00fcber 45 feste Terminals und ist heute ein Service-Center im wahrsten Sinne des Wortes und richtet sich an die Forschung, aber auch an Unternehmen, die sich einen qualitativ hochwertigen und zielgenauen Service w\u00fcnschen.<\/em><\/p>\n<p><strong>Modus Operandi d.o.o.<\/strong><br \/>\nIndije 38, Banjole<br \/>\n52203 Medulin \u2013 Kroatien<br \/>\nTelefon und Fax: +385 52 654 461[\/et_pb_text][et_pb_social_media_follow follow_button=&#8220;on&#8220; _builder_version=&#8220;4.16&#8243; link_shape=&#8220;rounded_rectangle&#8220; global_colors_info=&#8220;{}&#8220;][et_pb_social_media_follow_network social_network=&#8220;linkedin&#8220; url=&#8220;https:\/\/www.linkedin.com\/company\/modus-operandi-d-o-o-&#8220; _builder_version=&#8220;4.16&#8243; background_color=&#8220;#007bb6&#8243; bg_color=&#8220;#007bb6&#8243; global_colors_info=&#8220;{}&#8220; follow_button=&#8220;on&#8220; url_new_window=&#8220;on&#8220;]LinkedIn<br \/>\n[\/et_pb_social_media_follow_network][\/et_pb_social_media_follow][\/et_pb_column][\/et_pb_row][\/et_pb_section]<\/p>\n","protected":false},"excerpt":{"rendered":"<p>Jeder Kunde ist f\u00fcr uns ein einzigartiger Kunde.Kontaktieren Sie uns, Sie finden Geh\u00f6r, und wir werden ein auf Ihr Unternehmen zugeschnittenes Projekt aufzubauen wissen. Die gesammelten Daten werden gem\u00e4\u00df Artikel behandelt werden, 13 L.196 \/ 03 und EU General Data Protection Regulation (GDPR) (Datenschutz)Unser Sitz verf\u00fcgt \u00fcber 45 feste Terminals und ist heute ein Service-Center [&hellip;]<\/p>\n","protected":false},"author":1,"featured_media":0,"parent":0,"menu_order":0,"comment_status":"closed","ping_status":"closed","template":"","meta":{"_et_pb_use_builder":"on","_et_pb_old_content":"","_et_gb_content_width":"","footnotes":""},"class_list":["post-836","page","type-page","status-publish","hentry"],"_links":{"self":[{"href":"https:\/\/modus-operandi.eu\/de\/wp-json\/wp\/v2\/pages\/836","targetHints":{"allow":["GET"]}}],"collection":[{"href":"https:\/\/modus-operandi.eu\/de\/wp-json\/wp\/v2\/pages"}],"about":[{"href":"https:\/\/modus-operandi.eu\/de\/wp-json\/wp\/v2\/types\/page"}],"author":[{"embeddable":true,"href":"https:\/\/modus-operandi.eu\/de\/wp-json\/wp\/v2\/users\/1"}],"replies":[{"embeddable":true,"href":"https:\/\/modus-operandi.eu\/de\/wp-json\/wp\/v2\/comments?post=836"}],"version-history":[{"count":3,"href":"https:\/\/modus-operandi.eu\/de\/wp-json\/wp\/v2\/pages\/836\/revisions"}],"predecessor-version":[{"id":25698,"href":"https:\/\/modus-operandi.eu\/de\/wp-json\/wp\/v2\/pages\/836\/revisions\/25698"}],"wp:attachment":[{"href":"https:\/\/modus-operandi.eu\/de\/wp-json\/wp\/v2\/media?parent=836"}],"curies":[{"name":"wp","href":"https:\/\/api.w.org\/{rel}","templated":true}]}}