{"id":25536,"date":"2019-10-17T19:03:47","date_gmt":"2019-10-17T17:03:47","guid":{"rendered":"https:\/\/modus-operandi.eu\/privacy\/"},"modified":"2024-03-07T16:45:40","modified_gmt":"2024-03-07T15:45:40","slug":"privacy","status":"publish","type":"page","link":"https:\/\/modus-operandi.eu\/de\/privacy\/","title":{"rendered":"Privacy"},"content":{"rendered":"<p>[et_pb_section fb_built=&#8220;1&#8243; _builder_version=&#8220;4.16&#8243; global_colors_info=&#8220;{}&#8220;][et_pb_row column_structure=&#8220;2_5,3_5&#8243; _builder_version=&#8220;4.16&#8243; global_colors_info=&#8220;{}&#8220;][et_pb_column type=&#8220;2_5&#8243; _builder_version=&#8220;4.16&#8243; custom_padding=&#8220;|||&#8220; global_colors_info=&#8220;{}&#8220; custom_padding__hover=&#8220;|||&#8220;][et_pb_text _builder_version=&#8220;4.24.2&#8243; hover_enabled=&#8220;0&#8243; global_colors_info=&#8220;{}&#8220; sticky_enabled=&#8220;0&#8243;]<\/p>\n<h3>Privacy<\/h3>\n<p>Data collected are used in accordance with Italian Legislative Decree no. 196\/03 and EU General Data Protection Regulation (GDPR).<\/p>\n<p>For further information or specific requests please contact Owner and Data Controller Modus Operandi d.o.o. at the following e-mail address: <a href=\"mailto:info@modus-operandi.eu\">info@modus-operandi.eu<\/a><\/p>\n<p><a href=\"https:\/\/www.iubenda.com\/privacy-policy\/88834646\" target=\"_blank\" rel=\"noopener\">Datenschutzerkl\u00e4rung<\/a><\/p>\n<p>[\/et_pb_text][\/et_pb_column][et_pb_column type=&#8220;3_5&#8243; _builder_version=&#8220;4.16&#8243; custom_padding=&#8220;|||&#8220; global_colors_info=&#8220;{}&#8220; custom_padding__hover=&#8220;|||&#8220;][et_pb_text _builder_version=&#8220;4.24.2&#8243; hover_enabled=&#8220;0&#8243; global_colors_info=&#8220;{}&#8220; quote_border_color=&#8220;#0C71C3&#8243; sticky_enabled=&#8220;0&#8243;]<\/p>\n<h3>Cookie<\/h3>\n<p>Wir und ausgew\u00e4hlte Dritte setzen f\u00fcr technische Zwecke und, mit Ihrer Einwilligung, f\u00fcr andere Zwecke Cookies und \u00e4hnliche Technologien ein, so wie in der Cookie-Richtlinie beschrieben.<\/p>\n<p><a href=\"https:\/\/www.iubenda.com\/privacy-policy\/88834646\/cookie-policy\" target=\"_blank\" rel=\"noopener\">Cookie-Richtlinie<\/a><\/p>\n<blockquote><p>Ihre Einwilligung k\u00f6nnen Sie jederzeit erteilen, verweigern oder widerrufen (Cookie-Schaltfl\u00e4che).<\/p><\/blockquote>\n<p><a class=\"iubenda-cs-preferences-link\" href=\"#\">Ihre Einwilligungseinstellungen<\/a>[\/et_pb_text][\/et_pb_column][\/et_pb_row][\/et_pb_section]<\/p>\n","protected":false},"excerpt":{"rendered":"<p>Privacy Data collected are used in accordance with Italian Legislative Decree no. 196\/03 and EU General Data Protection Regulation (GDPR). For further information or specific requests please contact Owner and Data Controller Modus Operandi d.o.o. at the following e-mail address: info@modus-operandi.eu Datenschutzerkl\u00e4rungCookie Wir und ausgew\u00e4hlte Dritte setzen f\u00fcr technische Zwecke und, mit Ihrer Einwilligung, f\u00fcr [&hellip;]<\/p>\n","protected":false},"author":1,"featured_media":0,"parent":0,"menu_order":0,"comment_status":"closed","ping_status":"closed","template":"","meta":{"_et_pb_use_builder":"on","_et_pb_old_content":"","_et_gb_content_width":"","footnotes":""},"class_list":["post-25536","page","type-page","status-publish","hentry"],"_links":{"self":[{"href":"https:\/\/modus-operandi.eu\/de\/wp-json\/wp\/v2\/pages\/25536","targetHints":{"allow":["GET"]}}],"collection":[{"href":"https:\/\/modus-operandi.eu\/de\/wp-json\/wp\/v2\/pages"}],"about":[{"href":"https:\/\/modus-operandi.eu\/de\/wp-json\/wp\/v2\/types\/page"}],"author":[{"embeddable":true,"href":"https:\/\/modus-operandi.eu\/de\/wp-json\/wp\/v2\/users\/1"}],"replies":[{"embeddable":true,"href":"https:\/\/modus-operandi.eu\/de\/wp-json\/wp\/v2\/comments?post=25536"}],"version-history":[{"count":9,"href":"https:\/\/modus-operandi.eu\/de\/wp-json\/wp\/v2\/pages\/25536\/revisions"}],"predecessor-version":[{"id":25793,"href":"https:\/\/modus-operandi.eu\/de\/wp-json\/wp\/v2\/pages\/25536\/revisions\/25793"}],"wp:attachment":[{"href":"https:\/\/modus-operandi.eu\/de\/wp-json\/wp\/v2\/media?parent=25536"}],"curies":[{"name":"wp","href":"https:\/\/api.w.org\/{rel}","templated":true}]}}